{"id":5100,"date":"2025-03-27T21:46:48","date_gmt":"2025-03-28T01:46:48","guid":{"rendered":"https:\/\/houseofgamescaborojo.com\/?page_id=5100"},"modified":"2025-04-09T21:58:12","modified_gmt":"2025-04-10T01:58:12","slug":"regalas-house-of-games","status":"publish","type":"page","link":"https:\/\/houseofgamescaborojo.com\/es\/regalas-house-of-games\/","title":{"rendered":"Reglas House of Games"},"content":{"rendered":"<div data-elementor-type=\"wp-page\" data-elementor-id=\"5100\" class=\"elementor elementor-5100\" data-elementor-post-type=\"page\">\n\t\t\t\t<div class=\"elementor-element elementor-element-a9acb99 e-flex e-con-boxed e-con e-parent\" data-id=\"a9acb99\" data-element_type=\"container\" data-e-type=\"container\">\n\t\t\t\t\t<div class=\"e-con-inner\">\n\t\t\t\t<div class=\"elementor-element elementor-element-37ded4f6 elementor-widget elementor-widget-text-editor\" data-id=\"37ded4f6\" data-element_type=\"widget\" data-e-type=\"widget\" data-widget_type=\"text-editor.default\">\n\t\t\t\t<div class=\"elementor-widget-container\">\n\t\t\t\t\t\t\t\t\t\n<p><strong>Reglas Casa De Juegos<\/strong><br \/><strong>Rules house of games<\/strong><\/p>\n\n<p>-Tiempo silencio 8pm -7 am<br \/>-Quiet hours 8pm -7am<br \/>-No se permite bocinas, ni m\u00fasica despu\u00e9s de las 8pm<br \/>-No sound box or music allowed after 8pm.<br \/>-Durante el d\u00eda mantener nivel ruido y volumen de m\u00fasica moderada<br \/>-During the day keep the noise and music levels moderated.<br \/>-No es permitido karaoke ni Dj en ning\u00fan momento.<br \/>-Karaoke or DJ is not allowed at any time.<br \/>-Estacionarse correctamente en la propiedad y sus alrededores sin bloquear las entradas de los vecinos.<br \/>-Park properly in and around the property without blocking neighbors entrances.<br \/>-No fumar en la propiedad<br \/>-No smoking inside the house property.<br \/>-capacidad m\u00e1xima de hu\u00e9spedes: 20<br \/>-Stay-in Guest max. capacity: 20<\/p>\n\n<ul class=\"wp-block-list\">\n<li>Invitados deben estar debidamente aprobados por la administraci\u00f3n y no pueden permanecer m\u00e1s tarde de las 8 pm<\/li>\n\n<li>Guests beyond max capacity allowed must be approved by the administration of the property and cannot stay after 8 pm.<\/li>\n\n<li>al terminar de usar el billar favor colocarle el protector.<br \/>-When you finish using the billiards please put the cover on.<br \/>-Usar los tendederos para las toallas.<br \/>-Use cloth lines for towels.<br \/>-periodos de uso cancha de baloncesto y volleyball 7am- 8pm.<br \/>-Basketball and Volleyball Court Use Periods 7am- 8pm.<br \/>-no poner sombrillas serradas al terminar de usarlas, o al terminar su estad\u00eda<br \/>-Keep umbrellas closed when not in use.<br \/>-Por cortes\u00eda a nuestros hu\u00e9spedes de HOG2 evitar ruidos innecesarios, brincos y correr en el \u00e1rea interior.<br \/>-As courtesy to our HOG2 guests, avoid unnecessary noise, jumping and running inside the house.<br \/>-En las habitaciones est\u00e1 prohibido las comidas y bebidas.<br \/>-Do not consume food or drink inside the pool or inside the dormitories.<br \/>-Recoger desperdicios de sus mascotas<br \/>-Pick up your pets waste<\/li>\n<\/ul>\n\n<p>-Las mascotas no pueden acostarse en las camas y muebles<br \/>-Pets are not allowed to lie on the beds and furniture.<br \/>-Al terminar su estad\u00eda es requerido sacar toda la basura de los zafacones y llevarlos a los zafacones fuera de la propiedad<br \/>-At the end of your stay, you are required to take all the trash out of the trash cans and take them to the trash cans outside the property.<br \/>-Mantener todo limpio y ordenado<br \/>-Keep everything inside and outside the house clean and tidy.<br \/>-Recoger toallas, ropa de cama y ponerlo en los hampers (no sacar cover de mattress ni de almohadas)<br \/>-Pick up towels, bed linen and put it in the hampers (do not take out mattress or pillow covers).<\/p>\n<hr class=\"wp-block-separator has-alpha-channel-opacity\" \/>\t\t\t\t\t\t\t\t<\/div>\n\t\t\t\t<\/div>\n\t\t\t\t\t<\/div>\n\t\t\t\t<\/div>\n\t\t\t\t<\/div>","protected":false},"excerpt":{"rendered":"<p>Reglas Casa De JuegosRules house of games -Tiempo silencio 8pm -7 am-Quiet hours 8pm -7am-No se permite bocinas, ni m\u00fasica&#8230; <span class=\"knsl-el-more\"><a href=\"https:\/\/houseofgamescaborojo.com\/es\/regalas-house-of-games\/\" class=\"knsl-btn\">Read more<span class=\"screen-reader-text\">Read more&nbsp;Reglas House of Games<\/span><\/a><\/span><\/p>","protected":false},"author":1,"featured_media":0,"parent":0,"menu_order":0,"comment_status":"closed","ping_status":"closed","template":"template-full-width.php","meta":{"_acf_changed":false,"_joinchat":[],"footnotes":""},"class_list":["post-5100","page","type-page","status-publish","hentry"],"acf":[],"yoast_head":"<!-- This site is optimized with the Yoast SEO plugin v27.6 - https:\/\/yoast.com\/product\/yoast-seo-wordpress\/ -->\n<title>Reglas House of Games - House of Games<\/title>\n<meta name=\"robots\" content=\"index, follow, max-snippet:-1, max-image-preview:large, max-video-preview:-1\" \/>\n<link rel=\"canonical\" href=\"https:\/\/houseofgamescaborojo-934856.hostingersite.com\/regalas-house-of-games\/\" \/>\n<meta property=\"og:locale\" content=\"es_ES\" \/>\n<meta property=\"og:type\" content=\"article\" \/>\n<meta property=\"og:title\" content=\"Reglas House of Games - House of Games\" \/>\n<meta property=\"og:description\" content=\"Reglas Casa De JuegosRules house of games -Tiempo silencio 8pm -7 am-Quiet hours 8pm -7am-No se permite bocinas, ni m\u00fasica... Read moreRead more&nbsp;Reglas House of Games\" \/>\n<meta property=\"og:url\" content=\"https:\/\/houseofgamescaborojo-934856.hostingersite.com\/regalas-house-of-games\/\" \/>\n<meta property=\"og:site_name\" content=\"House of Games\" \/>\n<meta property=\"article:publisher\" content=\"https:\/\/www.facebook.com\/HouseOfGamesPR\" \/>\n<meta property=\"article:modified_time\" content=\"2025-04-10T01:58:12+00:00\" \/>\n<meta property=\"og:image\" content=\"https:\/\/houseofgamescaborojo.com\/wp-content\/uploads\/2025\/02\/cropped-340156517_590326133163953_6577680715232721419_n.jpg\" \/>\n\t<meta property=\"og:image:width\" content=\"512\" \/>\n\t<meta property=\"og:image:height\" content=\"512\" \/>\n\t<meta property=\"og:image:type\" content=\"image\/jpeg\" \/>\n<meta name=\"twitter:card\" content=\"summary_large_image\" \/>\n<meta name=\"twitter:label1\" content=\"Est. reading time\" \/>\n\t<meta name=\"twitter:data1\" content=\"2 minutos\" \/>\n<script type=\"application\/ld+json\" class=\"yoast-schema-graph\">{\"@context\":\"https:\\\/\\\/schema.org\",\"@graph\":[{\"@type\":\"WebPage\",\"@id\":\"https:\\\/\\\/houseofgamescaborojo-934856.hostingersite.com\\\/regalas-house-of-games\\\/\",\"url\":\"https:\\\/\\\/houseofgamescaborojo-934856.hostingersite.com\\\/regalas-house-of-games\\\/\",\"name\":\"Reglas House of Games - House of Games\",\"isPartOf\":{\"@id\":\"https:\\\/\\\/houseofgamescaborojo-934856.hostingersite.com\\\/#website\"},\"datePublished\":\"2025-03-28T01:46:48+00:00\",\"dateModified\":\"2025-04-10T01:58:12+00:00\",\"breadcrumb\":{\"@id\":\"https:\\\/\\\/houseofgamescaborojo-934856.hostingersite.com\\\/regalas-house-of-games\\\/#breadcrumb\"},\"inLanguage\":\"es\",\"potentialAction\":[{\"@type\":\"ReadAction\",\"target\":[\"https:\\\/\\\/houseofgamescaborojo-934856.hostingersite.com\\\/regalas-house-of-games\\\/\"]}]},{\"@type\":\"BreadcrumbList\",\"@id\":\"https:\\\/\\\/houseofgamescaborojo-934856.hostingersite.com\\\/regalas-house-of-games\\\/#breadcrumb\",\"itemListElement\":[{\"@type\":\"ListItem\",\"position\":1,\"name\":\"Home\",\"item\":\"https:\\\/\\\/houseofgamescaborojo.com\\\/\"},{\"@type\":\"ListItem\",\"position\":2,\"name\":\"Reglas House of Games\"}]},{\"@type\":\"WebSite\",\"@id\":\"https:\\\/\\\/houseofgamescaborojo-934856.hostingersite.com\\\/#website\",\"url\":\"https:\\\/\\\/houseofgamescaborojo-934856.hostingersite.com\\\/\",\"name\":\"House of Games\",\"description\":\"Cabo Rojo, PR\",\"publisher\":{\"@id\":\"https:\\\/\\\/houseofgamescaborojo-934856.hostingersite.com\\\/#organization\"},\"potentialAction\":[{\"@type\":\"SearchAction\",\"target\":{\"@type\":\"EntryPoint\",\"urlTemplate\":\"https:\\\/\\\/houseofgamescaborojo-934856.hostingersite.com\\\/?s={search_term_string}\"},\"query-input\":{\"@type\":\"PropertyValueSpecification\",\"valueRequired\":true,\"valueName\":\"search_term_string\"}}],\"inLanguage\":\"es\"},{\"@type\":\"Organization\",\"@id\":\"https:\\\/\\\/houseofgamescaborojo-934856.hostingersite.com\\\/#organization\",\"name\":\"House of Games\",\"url\":\"https:\\\/\\\/houseofgamescaborojo-934856.hostingersite.com\\\/\",\"logo\":{\"@type\":\"ImageObject\",\"inLanguage\":\"es\",\"@id\":\"https:\\\/\\\/houseofgamescaborojo-934856.hostingersite.com\\\/#\\\/schema\\\/logo\\\/image\\\/\",\"url\":\"https:\\\/\\\/houseofgamescaborojo.com\\\/wp-content\\\/uploads\\\/2025\\\/02\\\/cropped-340156517_590326133163953_6577680715232721419_n.jpg\",\"contentUrl\":\"https:\\\/\\\/houseofgamescaborojo.com\\\/wp-content\\\/uploads\\\/2025\\\/02\\\/cropped-340156517_590326133163953_6577680715232721419_n.jpg\",\"width\":512,\"height\":512,\"caption\":\"House of Games\"},\"image\":{\"@id\":\"https:\\\/\\\/houseofgamescaborojo-934856.hostingersite.com\\\/#\\\/schema\\\/logo\\\/image\\\/\"},\"sameAs\":[\"https:\\\/\\\/www.facebook.com\\\/HouseOfGamesPR\"]}]}<\/script>\n<!-- \/ Yoast SEO plugin. -->","yoast_head_json":{"title":"Reglas House of Games - House of Games","robots":{"index":"index","follow":"follow","max-snippet":"max-snippet:-1","max-image-preview":"max-image-preview:large","max-video-preview":"max-video-preview:-1"},"canonical":"https:\/\/houseofgamescaborojo-934856.hostingersite.com\/regalas-house-of-games\/","og_locale":"es_ES","og_type":"article","og_title":"Reglas House of Games - House of Games","og_description":"Reglas Casa De JuegosRules house of games -Tiempo silencio 8pm -7 am-Quiet hours 8pm -7am-No se permite bocinas, ni m\u00fasica... Read moreRead more&nbsp;Reglas House of Games","og_url":"https:\/\/houseofgamescaborojo-934856.hostingersite.com\/regalas-house-of-games\/","og_site_name":"House of Games","article_publisher":"https:\/\/www.facebook.com\/HouseOfGamesPR","article_modified_time":"2025-04-10T01:58:12+00:00","og_image":[{"width":512,"height":512,"url":"https:\/\/houseofgamescaborojo.com\/wp-content\/uploads\/2025\/02\/cropped-340156517_590326133163953_6577680715232721419_n.jpg","type":"image\/jpeg"}],"twitter_card":"summary_large_image","twitter_misc":{"Est. reading time":"2 minutos"},"schema":{"@context":"https:\/\/schema.org","@graph":[{"@type":"WebPage","@id":"https:\/\/houseofgamescaborojo-934856.hostingersite.com\/regalas-house-of-games\/","url":"https:\/\/houseofgamescaborojo-934856.hostingersite.com\/regalas-house-of-games\/","name":"Reglas House of Games - House of Games","isPartOf":{"@id":"https:\/\/houseofgamescaborojo-934856.hostingersite.com\/#website"},"datePublished":"2025-03-28T01:46:48+00:00","dateModified":"2025-04-10T01:58:12+00:00","breadcrumb":{"@id":"https:\/\/houseofgamescaborojo-934856.hostingersite.com\/regalas-house-of-games\/#breadcrumb"},"inLanguage":"es","potentialAction":[{"@type":"ReadAction","target":["https:\/\/houseofgamescaborojo-934856.hostingersite.com\/regalas-house-of-games\/"]}]},{"@type":"BreadcrumbList","@id":"https:\/\/houseofgamescaborojo-934856.hostingersite.com\/regalas-house-of-games\/#breadcrumb","itemListElement":[{"@type":"ListItem","position":1,"name":"Home","item":"https:\/\/houseofgamescaborojo.com\/"},{"@type":"ListItem","position":2,"name":"Reglas House of Games"}]},{"@type":"WebSite","@id":"https:\/\/houseofgamescaborojo-934856.hostingersite.com\/#website","url":"https:\/\/houseofgamescaborojo-934856.hostingersite.com\/","name":"House of Games","description":"Cabo Rojo, PR","publisher":{"@id":"https:\/\/houseofgamescaborojo-934856.hostingersite.com\/#organization"},"potentialAction":[{"@type":"SearchAction","target":{"@type":"EntryPoint","urlTemplate":"https:\/\/houseofgamescaborojo-934856.hostingersite.com\/?s={search_term_string}"},"query-input":{"@type":"PropertyValueSpecification","valueRequired":true,"valueName":"search_term_string"}}],"inLanguage":"es"},{"@type":"Organization","@id":"https:\/\/houseofgamescaborojo-934856.hostingersite.com\/#organization","name":"House of Games","url":"https:\/\/houseofgamescaborojo-934856.hostingersite.com\/","logo":{"@type":"ImageObject","inLanguage":"es","@id":"https:\/\/houseofgamescaborojo-934856.hostingersite.com\/#\/schema\/logo\/image\/","url":"https:\/\/houseofgamescaborojo.com\/wp-content\/uploads\/2025\/02\/cropped-340156517_590326133163953_6577680715232721419_n.jpg","contentUrl":"https:\/\/houseofgamescaborojo.com\/wp-content\/uploads\/2025\/02\/cropped-340156517_590326133163953_6577680715232721419_n.jpg","width":512,"height":512,"caption":"House of Games"},"image":{"@id":"https:\/\/houseofgamescaborojo-934856.hostingersite.com\/#\/schema\/logo\/image\/"},"sameAs":["https:\/\/www.facebook.com\/HouseOfGamesPR"]}]}},"_links":{"self":[{"href":"https:\/\/houseofgamescaborojo.com\/es\/wp-json\/wp\/v2\/pages\/5100","targetHints":{"allow":["GET"]}}],"collection":[{"href":"https:\/\/houseofgamescaborojo.com\/es\/wp-json\/wp\/v2\/pages"}],"about":[{"href":"https:\/\/houseofgamescaborojo.com\/es\/wp-json\/wp\/v2\/types\/page"}],"author":[{"embeddable":true,"href":"https:\/\/houseofgamescaborojo.com\/es\/wp-json\/wp\/v2\/users\/1"}],"replies":[{"embeddable":true,"href":"https:\/\/houseofgamescaborojo.com\/es\/wp-json\/wp\/v2\/comments?post=5100"}],"version-history":[{"count":5,"href":"https:\/\/houseofgamescaborojo.com\/es\/wp-json\/wp\/v2\/pages\/5100\/revisions"}],"predecessor-version":[{"id":5457,"href":"https:\/\/houseofgamescaborojo.com\/es\/wp-json\/wp\/v2\/pages\/5100\/revisions\/5457"}],"wp:attachment":[{"href":"https:\/\/houseofgamescaborojo.com\/es\/wp-json\/wp\/v2\/media?parent=5100"}],"curies":[{"name":"wp","href":"https:\/\/api.w.org\/{rel}","templated":true}]}}